{"id":158,"date":"2022-04-21T16:30:25","date_gmt":"2022-04-21T16:30:25","guid":{"rendered":"https:\/\/mariachijuvenildeutah.com\/?page_id=158"},"modified":"2022-04-21T16:38:38","modified_gmt":"2022-04-21T16:38:38","slug":"somos-uno","status":"publish","type":"page","link":"https:\/\/mariachijuvenildeutah.com\/index.php\/somos-uno\/","title":{"rendered":"Somos Uno"},"content":{"rendered":"\t\t<div data-elementor-type=\"wp-page\" data-elementor-id=\"158\" class=\"elementor elementor-158\">\n\t\t\t\t\t\t\t\t\t<section class=\"elementor-section elementor-top-section elementor-element elementor-element-54fe277 elementor-section-boxed elementor-section-height-default elementor-section-height-default\" data-id=\"54fe277\" data-element_type=\"section\" data-settings=\"{&quot;background_background&quot;:&quot;classic&quot;}\">\n\t\t\t\t\t\t<div class=\"elementor-container elementor-column-gap-default\">\n\t\t\t\t\t<div class=\"elementor-column elementor-col-100 elementor-top-column elementor-element elementor-element-c6b8c2d\" data-id=\"c6b8c2d\" data-element_type=\"column\">\n\t\t\t<div class=\"elementor-widget-wrap elementor-element-populated\">\n\t\t\t\t\t\t\t\t<div class=\"elementor-element elementor-element-7bb84dd elementor-widget elementor-widget-text-editor\" data-id=\"7bb84dd\" data-element_type=\"widget\" data-widget_type=\"text-editor.default\">\n\t\t\t\t<div class=\"elementor-widget-container\">\n\t\t\t<style>\/*! elementor - v3.6.4 - 13-04-2022 *\/\n.elementor-widget-text-editor.elementor-drop-cap-view-stacked .elementor-drop-cap{background-color:#818a91;color:#fff}.elementor-widget-text-editor.elementor-drop-cap-view-framed .elementor-drop-cap{color:#818a91;border:3px solid;background-color:transparent}.elementor-widget-text-editor:not(.elementor-drop-cap-view-default) .elementor-drop-cap{margin-top:8px}.elementor-widget-text-editor:not(.elementor-drop-cap-view-default) .elementor-drop-cap-letter{width:1em;height:1em}.elementor-widget-text-editor .elementor-drop-cap{float:left;text-align:center;line-height:1;font-size:50px}.elementor-widget-text-editor .elementor-drop-cap-letter{display:inline-block}<\/style>\t\t\t\t<p>\u201cEl ni\u00f1o que toca un instrumento, nunca toma un arma\u201d<br><\/p>\t\t\t\t\t\t<\/div>\n\t\t\t\t<\/div>\n\t\t\t\t<div class=\"elementor-element elementor-element-d1a659d elementor-widget elementor-widget-text-editor\" data-id=\"d1a659d\" data-element_type=\"widget\" data-widget_type=\"text-editor.default\">\n\t\t\t\t<div class=\"elementor-widget-container\">\n\t\t\t\t\t\t\t<p>\u201cEl ni\u00f1o que toca un instrumento nunca toca un arma y la droga; dif\u00edcilmente se convierte en un ser que no entiende lo que es valorar al ser humano que est\u00e1 enfrente de ti por lo que eres\u201c, por esta y muchas razones hemos creado el Mariachi Juvenil de UTAH y de esta manera estamos poniendo nuestro granito de arena para que nuestra juventud de UTAH tenga un futuro.<\/p><p>Allan Moreno es la persona encargada de encaminar a nuestar juventud hacia un futuro prometedor y atraves de la musica como medio de expresion le permite compartir lo que todos los padres no sabemos expresar con palabras a los hijos.<\/p>\t\t\t\t\t\t<\/div>\n\t\t\t\t<\/div>\n\t\t\t\t\t<\/div>\n\t\t<\/div>\n\t\t\t\t\t\t\t<\/div>\n\t\t<\/section>\n\t\t\t\t\t\t\t<\/div>\n\t\t","protected":false},"excerpt":{"rendered":"<p>\u201cEl ni\u00f1o que toca un instrumento, nunca toma un arma\u201d \u201cEl ni\u00f1o que toca un instrumento nunca toca un arma y la droga; dif\u00edcilmente se convierte en un ser que no entiende lo que es valorar al ser humano que est\u00e1 enfrente de ti por lo que eres\u201c, por esta y muchas razones hemos creado el Mariachi Juvenil de UTAH y de esta manera estamos poniendo nuestro granito de arena para que nuestra juventud de UTAH tenga un futuro. Allan Moreno es la persona encargada de encaminar a nuestar juventud hacia un futuro prometedor y atraves de la musica como&#8230; <\/p>\n","protected":false},"author":1,"featured_media":0,"parent":0,"menu_order":0,"comment_status":"closed","ping_status":"closed","template":"","meta":{"footnotes":""},"class_list":["post-158","page","type-page","status-publish","hentry"],"_links":{"self":[{"href":"https:\/\/mariachijuvenildeutah.com\/index.php\/wp-json\/wp\/v2\/pages\/158","targetHints":{"allow":["GET"]}}],"collection":[{"href":"https:\/\/mariachijuvenildeutah.com\/index.php\/wp-json\/wp\/v2\/pages"}],"about":[{"href":"https:\/\/mariachijuvenildeutah.com\/index.php\/wp-json\/wp\/v2\/types\/page"}],"author":[{"embeddable":true,"href":"https:\/\/mariachijuvenildeutah.com\/index.php\/wp-json\/wp\/v2\/users\/1"}],"replies":[{"embeddable":true,"href":"https:\/\/mariachijuvenildeutah.com\/index.php\/wp-json\/wp\/v2\/comments?post=158"}],"version-history":[{"count":10,"href":"https:\/\/mariachijuvenildeutah.com\/index.php\/wp-json\/wp\/v2\/pages\/158\/revisions"}],"predecessor-version":[{"id":169,"href":"https:\/\/mariachijuvenildeutah.com\/index.php\/wp-json\/wp\/v2\/pages\/158\/revisions\/169"}],"wp:attachment":[{"href":"https:\/\/mariachijuvenildeutah.com\/index.php\/wp-json\/wp\/v2\/media?parent=158"}],"curies":[{"name":"wp","href":"https:\/\/api.w.org\/{rel}","templated":true}]}}